{"id":1042,"date":"2017-06-19T19:01:54","date_gmt":"2017-06-19T17:01:54","guid":{"rendered":"http:\/\/www.aternocostruzioni.it\/sito\/?page_id=1042"},"modified":"2026-04-14T15:10:32","modified_gmt":"2026-04-14T13:10:32","slug":"certificazioni","status":"publish","type":"page","link":"http:\/\/www.aternocostruzioni.it\/sito\/certificazioni\/","title":{"rendered":"CERTIFICAZIONI"},"content":{"rendered":"<div id='fullscreen_slider_1'  class='avia-fullscreen-slider main_color   avia-builder-el-0  el_before_av_section  avia-builder-el-first   container_wrap fullsize' style=' '  ><div   data-size='extra_large'  data-lightbox_size='large'  data-animation='slide'  data-conditional_play=''  data-ids='1314'  data-video_counter='0'  data-autoplay='false'  data-bg_slider='true'  data-slide_height='100'  data-handle='av_fullscreen'  data-interval='5'  data-class=' '  data-el_id=''  data-css_id='fullscreen_slider_1'  data-scroll_down=''  data-control_layout='av-control-default'  data-custom_markup=''  data-perma_caption=''  data-autoplay_stopper=''  data-image_attachment=''  data-min_height='0px'  data-lazy_loading='disabled'  data-stretch=''  data-default-height='100'  class='avia-slideshow avia-slideshow-1  av-control-default av-default-height-applied avia-slideshow-extra_large av_fullscreen   avia-slide-slider '  itemprop=\"image\" itemscope=\"itemscope\" itemtype=\"https:\/\/schema.org\/ImageObject\" ><ul class='avia-slideshow-inner ' style='padding-bottom: 66.733333333333%;' ><li style='background-position:center center;' data-img-url='http:\/\/www.aternocostruzioni.it\/sito\/wp-content\/uploads\/2018\/09\/architecture-blur-bright-1329061-1500x1001.jpg' class=' av-single-slide slide-1 ' ><div data-rel='slideshow-1' class='avia-slide-wrap '   ><div class = \"caption_fullwidth av-slideshow-caption caption_center\"><div class = \"container caption_container\"><div class = \"slideshow_caption\"><div class = \"slideshow_inner_caption\"><div class = \"slideshow_align_caption\"><h2  style='font-size:70px; color:#ffffff; ' class='avia-caption-title  '  itemprop=\"name\" >SICUREZZA E CERTIFICAZIONI<\/h2><\/div><\/div><\/div><\/div><\/div><div class='av-section-color-overlay' style='opacity: 0.3; background-color: #0c0c0c; '><\/div><\/div><\/li><\/ul><\/div><\/div>\n<div id='certificazioni'  class='avia-section main_color avia-section-large avia-no-border-styling  avia-bg-style-scroll  avia-builder-el-1  el_after_av_fullscreen  avia-builder-el-last   container_wrap fullsize' style=' '  ><div class='container' ><div class='template-page content  av-content-full alpha units'><div class='post-entry post-entry-type-page post-entry-1042'><div class='entry-content-wrapper clearfix'>\n<div class=\"flex_column av_one_full  flex_column_div av-zero-column-padding first  avia-builder-el-2  el_before_av_one_half  avia-builder-el-first  \" style='border-radius:0px; '><p><section class=\"av_textblock_section \"  itemscope=\"itemscope\" itemtype=\"https:\/\/schema.org\/CreativeWork\" ><div class='avia_textblock  '   itemprop=\"text\" ><p>Un\u2019azienda che rispetta la legge non opera solo nel giusto, ma opera anche a proprio vantaggio. Se \u00e8 vero che la nostra capacit\u00e0 \u00e8 il <strong>valore umano<\/strong> dei professionisti che con noi operano, preservare questo valore \u00e8 un obbligo aziendale ancora prima che una forma di rispetto umano. \u00c8 perch\u00e8 operiamo verso questa direzione che abbiamo affidato il nostro servizio di \u201c<strong>Controllo ed Organizzazione della Sicurezza<\/strong>\u201d , non ad una struttura interna, \u00a0ma ad un <strong>team esterno di professionisti<\/strong> del settore che, attraverso una consulenza continua e rigorosa e con poteri dispositivi, vigilano e dispongono circa le procedure operative. Il connubio di tale organizzazione con l\u2019estrema professionalit\u00e0 del nostro personale ci fa rendere orgogliosi del fatto che L&#8217;Azienda non abbia mai lamentato alcun infortunio. La verifica periodica e spot dei cantieri di lavoro, che viene eseguita come una vera e propria ispezione interna, permette di <strong>monitorare il rispetto delle norme<\/strong>. Operiamo inoltre con <strong>macchinari<\/strong>, <strong>apparecchiature e dispositivi di protezione di altissima qualit\u00e0<\/strong>.<\/p>\n<blockquote>\n<p><strong>Certificato Soa <\/strong><\/p>\n<\/blockquote>\n<p>L\u2019attestazione SOA certifica la capacit\u00e0 operativa e tecnica di specifiche lavorazioni, sia Generali che Specialistiche ed \u00e8 particolarmente utilizzata per qualificare le imprese nei lavori pubblici. L&#8217;impresa Aterno Costruzioni dispone del certificato SOA n\u00b0 1992\/69\/07 rilasciato dalla societ\u00e0 ARGENTA SOA e certificata nelle categorie:<\/p>\n<\/div><\/section><br \/>\n<div class='avia-data-table-wrap avia_responsive_table'><table  class='avia-table avia-data-table avia-table-1  avia-builder-el-4  el_after_av_textblock  el_before_av_button  avia_pricing_minimal '  itemscope=\"itemscope\" itemtype=\"https:\/\/schema.org\/Table\" ><tbody><tr class=''><td class=''><b>Prestazione di progettazione &#8211; V Classe<\/b><br \/>\nImporto fino a \u20ac 5.165.000<\/td><td class=''><b>Cat. OS21 &#8211; II Classifica<\/b><br \/>\nOpere strutturali speciali fino a \u20ac 516.000<\/td><\/tr><tr class=''><td class=''><b>Cat. OG1 &#8211; VI Classifica<\/b><br \/>\nEdifici civili ed Industriali fino a \u20ac 10.329.000<\/td><td class=''><b>Cat. OS23 &#8211; III Classifica<\/b><br \/>\nDemolizione di opere fino a \u20ac 1.033.000<\/td><\/tr><tr class=''><td class=''><b>Cat. OG2 &#8211; VI Classifica<\/b><br \/>\nRestauro e Manutenzione dei Beni sottoposti<br \/>\na tutela fino a \u20ac 10.329.000<\/td><td class=''><b>Cat. OS2-A &#8211; II Classifica<\/b><br \/>\nSuperfici decorate di beni immobili del<br \/>\npatrimonio culturale e beni culturali mobili di<br \/>\ninteresse storico, artistico, archeologico ed<br \/>\netnoantropologico fino a \u20ac 516.000<\/td><\/tr><tr class=''><td class=''><b>Cat. OG11 &#8211; II Classifica<\/b><br \/>\nImpianti Tecnologici fino a \u20ac 516.000<\/td><td class=''><b>Cat. OS32 &#8211; II Classifica<\/b><br \/>\nStrutture in legno fino a \u20ac 516.000<\/td><\/tr><\/tbody><\/table><\/div><style type='text\/css'><\/style><br \/>\n<div  class='avia-button-wrap avia-button-center  avia-builder-el-5  el_after_av_table  el_before_av_textblock ' ><a href='http:\/\/www.aternocostruzioni.it\/sito\/wp-content\/uploads\/2024\/11\/Screenshot-2024-11-25-alle-12.02.55.png'  class='avia-button  avia-color-theme-color   avia-icon_select-yes-left-icon avia-size-small avia-position-center '  target=\"_blank\"  rel=\"noopener noreferrer\"  ><span class='avia_button_icon avia_button_icon_left ' aria-hidden='true' data-av_icon='\ue87f' data-av_iconfont='entypo-fontello'><\/span><span class='avia_iconbox_title' >Scarica il certificato SOA<\/span><\/a><\/div><br \/>\n<section class=\"av_textblock_section \"  itemscope=\"itemscope\" itemtype=\"https:\/\/schema.org\/CreativeWork\" ><div class='avia_textblock  '   itemprop=\"text\" ><blockquote>\n<p><em>\u00a0<\/em><strong>Certificazione di qualit\u00e0 ISO 9001:2015<\/strong><\/p>\n<\/blockquote>\n<p class=\"p1\"><span class=\"s1\">La normativa ISO 9001 rappresenta lo standard di riferimento per i Sistemi di Gestione per la Qualit\u00e0 riconosciuto a livello internazionale. <\/span><\/p>\n<p class=\"p1\"><span class=\"s1\">I principali vantaggi della norma UNI EN ISO 9001 sono:<\/span><\/p>\n<p class=\"p1\"><span class=\"s1\">\u2022 Miglioramento dei prodotti, dei processi e della qualit\u00e0 del servizio<br \/>\n<\/span><span class=\"s1\">\u2022 Incremento del livello di soddisfazione dei clienti<br \/>\n<\/span><span class=\"s1\">\u2022 Miglioramento della produttivit\u00e0<br \/>\n<\/span>\u2022 Vantaggio competitivo.<\/p>\n<p class=\"p1\"><span class=\"s1\">La ISO 9001 fornisce infine un <b>Modello Organizzativo di base<\/b> che pu\u00f2 essere completato con dei <b>requisiti specifici<\/b> peculiari di alcuni ambiti descritti in <b>norme di settore<\/b>, ed \u00e8 <b>facilmente integrabile<\/b> con altri sistemi di gestione quali<b> BS OHSAS 18001<\/b> (salute e sicurezza sul lavoro), I<b>SO 14001<\/b> (gestione ambientale).<\/span><\/p>\n<\/div><\/section><\/p><\/div><div class=\"flex_column av_one_half  flex_column_div av-zero-column-padding first  avia-builder-el-7  el_after_av_one_full  el_before_av_one_half  column-top-margin\" style='border-radius:0px; '><div  class='avia-button-wrap avia-button-center  avia-builder-el-8  avia-builder-el-no-sibling ' ><a href='http:\/\/www.aternocostruzioni.it\/sito\/wp-content\/uploads\/2024\/11\/ISO-9001_2015_Rev.04.pdf'  class='avia-button  avia-color-theme-color   avia-icon_select-yes-left-icon avia-size-small avia-position-center '  target=\"_blank\"  rel=\"noopener noreferrer\"  ><span class='avia_button_icon avia_button_icon_left ' aria-hidden='true' data-av_icon='\ue87f' data-av_iconfont='entypo-fontello'><\/span><span class='avia_iconbox_title' >Scarica la certificazione<\/span><\/a><\/div><\/div><div class=\"flex_column av_one_half  flex_column_div av-zero-column-padding   avia-builder-el-9  el_after_av_one_half  el_before_av_one_full  column-top-margin\" style='border-radius:0px; '><div  class='avia-button-wrap avia-button-center  avia-builder-el-10  avia-builder-el-no-sibling ' ><a href='http:\/\/www.aternocostruzioni.it\/sito\/wp-content\/uploads\/2019\/07\/Politica-Qualita%CC%80_Ambientale-2019.pdf'  class='avia-button  avia-color-theme-color   avia-icon_select-yes-left-icon avia-size-small avia-position-center '  target=\"_blank\"  rel=\"noopener noreferrer\"  ><span class='avia_button_icon avia_button_icon_left ' aria-hidden='true' data-av_icon='\ue87f' data-av_iconfont='entypo-fontello'><\/span><span class='avia_iconbox_title' >Scarica la Politica Qualit\u00e0 Ambientale<\/span><\/a><\/div><\/div><div class=\"flex_column av_one_full  flex_column_div av-zero-column-padding first  avia-builder-el-11  el_after_av_one_half  el_before_av_one_half  column-top-margin\" style='border-radius:0px; '><section class=\"av_textblock_section \"  itemscope=\"itemscope\" itemtype=\"https:\/\/schema.org\/CreativeWork\" ><div class='avia_textblock  '   itemprop=\"text\" ><blockquote>\n<p><em>\u00a0<\/em><strong>Certificazione Ambientale UNI EN ISO 14001:2015<\/strong><\/p>\n<\/blockquote>\n<p class=\"p1\"><span class=\"s1\">Lo standard <b>UNI EN ISO 14001<\/b>, cos\u00ec come altri standard di supporto, definisce i requisiti di un <b>\u201cSistema di Gestione Ambientale\u201d<\/b> implementabile in un qualsiasi tipo di organizzazione.<\/span><\/p>\n<p class=\"p1\"><span class=\"s1\">Il conseguimento della <b>certificazione ambientale ISO 14001<\/b> contribuisce inoltre a ridurre significativamente la responsabilit\u00e0 dell\u2019Organizzazione nei confronti della legislazione ambientale, permettendo di attestare l\u2019impegno proattivo profuso dall\u2019Organizzazione finalizzato a promuovere <b>pratiche volte al raggiungimento di obiettivi virtuosi in termini di prestazioni ambientali.<\/b><\/span><\/p>\n<p class=\"p1\"><span class=\"s1\">Il possesso della certificazione di un Sistema di Gestione Ambientale viene riconosciuto, in ambito pubblico, quale elemento di qualificazione per il rilascio di autorizzazioni, riconoscimenti e notifiche e per ottenere facilitazioni fiscali; costituisce, inoltre, sempre pi\u00f9 frequentemente, pre-requisito per la partecipazione a gare d\u2019appalto e a procedure di public procurement.<\/span><\/p>\n<\/div><\/section><\/div><div class=\"flex_column av_one_half  flex_column_div av-zero-column-padding first  avia-builder-el-13  el_after_av_one_full  el_before_av_one_half  column-top-margin\" style='border-radius:0px; '><div  class='avia-button-wrap avia-button-center  avia-builder-el-14  avia-builder-el-no-sibling ' ><a href='http:\/\/www.aternocostruzioni.it\/sito\/wp-content\/uploads\/2024\/11\/ISO-14001_URS.pdf'  class='avia-button  avia-color-theme-color   avia-icon_select-yes-left-icon avia-size-small avia-position-center '  target=\"_blank\"  rel=\"noopener noreferrer\"  ><span class='avia_button_icon avia_button_icon_left ' aria-hidden='true' data-av_icon='\ue87f' data-av_iconfont='entypo-fontello'><\/span><span class='avia_iconbox_title' >Scarica la certificazione<\/span><\/a><\/div><\/div><div class=\"flex_column av_one_half  flex_column_div av-zero-column-padding   avia-builder-el-15  el_after_av_one_half  el_before_av_one_full  column-top-margin\" style='border-radius:0px; '><div  class='avia-button-wrap avia-button-center  avia-builder-el-16  avia-builder-el-no-sibling ' ><a href='http:\/\/www.aternocostruzioni.it\/sito\/wp-content\/uploads\/2019\/07\/Politica-Qualita%CC%80_Ambientale-2019.pdf'  class='avia-button  avia-color-theme-color   avia-icon_select-yes-left-icon avia-size-small avia-position-center '  target=\"_blank\"  rel=\"noopener noreferrer\"  ><span class='avia_button_icon avia_button_icon_left ' aria-hidden='true' data-av_icon='\ue87f' data-av_iconfont='entypo-fontello'><\/span><span class='avia_iconbox_title' >Scarica la Politica Qualit\u00e0 Ambientale<\/span><\/a><\/div><\/div><div class=\"flex_column av_one_full  flex_column_div av-zero-column-padding first  avia-builder-el-17  el_after_av_one_half  el_before_av_one_half  column-top-margin\" style='border-radius:0px; '><section class=\"av_textblock_section \"  itemscope=\"itemscope\" itemtype=\"https:\/\/schema.org\/CreativeWork\" ><div class='avia_textblock  '   itemprop=\"text\" ><blockquote>\n<p><strong> UNI\/PdR 125:2022<\/strong><\/p>\n<\/blockquote>\n<p class=\"p1\">Misure per garantire la parit\u00e0 di genere nel contesto lavorativo relativamente al servizio di costruzione e ristrutturazione degli edifici civili. Restauro dei beni immobili sottoposta a tutela. Installazione di impianti idrici, elettrici e sanitari.<\/p>\n<\/div><\/section><\/div><div class=\"flex_column av_one_half  flex_column_div av-zero-column-padding first  avia-builder-el-19  el_after_av_one_full  el_before_av_one_half  column-top-margin\" style='border-radius:0px; '><div  class='avia-button-wrap avia-button-center  avia-builder-el-20  avia-builder-el-no-sibling ' ><a href='http:\/\/www.aternocostruzioni.it\/sito\/wp-content\/uploads\/2025\/11\/PDR-125.2022-scad.-18.03.2028.pdf'  class='avia-button  avia-color-theme-color   avia-icon_select-yes-left-icon avia-size-small avia-position-center '  target=\"_blank\"  rel=\"noopener noreferrer\"  ><span class='avia_button_icon avia_button_icon_left ' aria-hidden='true' data-av_icon='\ue87f' data-av_iconfont='entypo-fontello'><\/span><span class='avia_iconbox_title' >Scarica la certificazione<\/span><\/a><\/div><\/div><div class=\"flex_column av_one_half  flex_column_div av-zero-column-padding   avia-builder-el-21  el_after_av_one_half  el_before_av_one_full  column-top-margin\" style='border-radius:0px; '><div  class='avia-button-wrap avia-button-center  avia-builder-el-22  avia-builder-el-no-sibling ' ><a href='http:\/\/www.aternocostruzioni.it\/sito\/wp-content\/uploads\/2026\/04\/Politica-parita-di-genere.pdf'  class='avia-button  avia-color-theme-color   avia-icon_select-yes-left-icon avia-size-small avia-position-center '  target=\"_blank\"  rel=\"noopener noreferrer\"  ><span class='avia_button_icon avia_button_icon_left ' aria-hidden='true' data-av_icon='\ue87f' data-av_iconfont='entypo-fontello'><\/span><span class='avia_iconbox_title' >Scarica la politica per la parit\u00e0 di genere<\/span><\/a><\/div><\/div><div class=\"flex_column av_one_full  flex_column_div av-zero-column-padding first  avia-builder-el-23  el_after_av_one_half  el_before_av_one_half  column-top-margin\" style='border-radius:0px; '><section class=\"av_textblock_section \"  itemscope=\"itemscope\" itemtype=\"https:\/\/schema.org\/CreativeWork\" ><div class='avia_textblock  '   itemprop=\"text\" ><blockquote>\n<p><strong> Certificazione Sicurezza e Salute Lavoratori ISO 45001<\/strong><\/p>\n<\/blockquote>\n<p class=\"p1\"><span class=\"s1\">La certificazione ISO 45001 definisce i requisiti di un <b>Sistema di Gestione della Sicurezza e della Salute dei Lavoratori<\/b> (SSL), secondo quanto previsto dalle normative vigenti e in base ai pericoli ed ai rischi potenzialmente presenti sul posto di lavoro.<br \/>\n<\/span><span class=\"s1\">Lo standard ISO 45001, frutto del lavoro congiunto di Enti di Normazione Nazionali, Enti di Certificazione e consulenti esperti in materia, \u00e8 stato sviluppato per rispondere ad una precisa domanda del mercato che chiedeva con insistenza uno standard univoco per i Sistemi di Gestione della SSL.<br \/>\n<\/span><span class=\"s1\">Un sistema OHSAS promuove un <b>ambiente di lavoro sicuro e sano<\/b>, fornendo una struttura che permette all\u2019organizzazione di <b>identificare<\/b> e <b>controllare<\/b> sistematicamente <b>i propri rischi<\/b> relativi alla <b>salute<\/b> e alla <b>sicurezza<\/b>, a ridurre le probabilit\u00e0 di infortuni, ad agevolare il rispetto dei requisiti cogenti e a<b> migliorare la performance aziendale in generale.<\/b><\/span><\/p>\n<\/div><\/section><\/div><div class=\"flex_column av_one_half  flex_column_div av-zero-column-padding first  avia-builder-el-25  el_after_av_one_full  el_before_av_one_half  column-top-margin\" style='border-radius:0px; '><div  class='avia-button-wrap avia-button-center  avia-builder-el-26  avia-builder-el-no-sibling ' ><a href='http:\/\/www.aternocostruzioni.it\/sito\/wp-content\/uploads\/2024\/11\/ISO-45001-SB036-del-30.06.2023.pdf'  class='avia-button  avia-color-theme-color   avia-icon_select-yes-left-icon avia-size-small avia-position-center '  target=\"_blank\"  rel=\"noopener noreferrer\"  ><span class='avia_button_icon avia_button_icon_left ' aria-hidden='true' data-av_icon='\ue87f' data-av_iconfont='entypo-fontello'><\/span><span class='avia_iconbox_title' >Scarica la certificazione<\/span><\/a><\/div><\/div><div class=\"flex_column av_one_half  flex_column_div av-zero-column-padding   avia-builder-el-27  el_after_av_one_half  el_before_av_one_full  column-top-margin\" style='border-radius:0px; '><div  class='avia-button-wrap avia-button-center  avia-builder-el-28  avia-builder-el-no-sibling ' ><a href='http:\/\/www.aternocostruzioni.it\/sito\/wp-content\/uploads\/2024\/11\/ISO-45001-SB036-del-30.06.2023.pdf'  class='avia-button  avia-color-theme-color   avia-icon_select-yes-left-icon avia-size-small avia-position-center '  target=\"_blank\"  rel=\"noopener noreferrer\"  ><span class='avia_button_icon avia_button_icon_left ' aria-hidden='true' data-av_icon='\ue87f' data-av_iconfont='entypo-fontello'><\/span><span class='avia_iconbox_title' >Scarica la certificazione<\/span><\/a><\/div><\/div><div class=\"flex_column av_one_full  flex_column_div av-zero-column-padding first  avia-builder-el-29  el_after_av_one_half  el_before_av_one_full  column-top-margin\" style='border-radius:0px; '><section class=\"av_textblock_section \"  itemscope=\"itemscope\" itemtype=\"https:\/\/schema.org\/CreativeWork\" ><div class='avia_textblock  '   itemprop=\"text\" ><blockquote>\n<p><strong> Certificazione Sicurezza e Salute Lavoratori ISO 37001<\/strong><\/p>\n<\/blockquote>\n<p class=\"p1\">\n<\/div><\/section><\/div><div class=\"flex_column av_one_full  flex_column_div av-zero-column-padding first  avia-builder-el-31  el_after_av_one_full  el_before_av_one_full  column-top-margin\" style='border-radius:0px; '><div  class='avia-button-wrap avia-button-center  avia-builder-el-32  avia-builder-el-no-sibling ' ><a href='http:\/\/www.aternocostruzioni.it\/sito\/wp-content\/uploads\/2026\/01\/certificato-sc.26.11.2028.pdf'  class='avia-button  avia-color-theme-color   avia-icon_select-yes-left-icon avia-size-small avia-position-center '  target=\"_blank\"  rel=\"noopener noreferrer\"  ><span class='avia_button_icon avia_button_icon_left ' aria-hidden='true' data-av_icon='\ue87f' data-av_iconfont='entypo-fontello'><\/span><span class='avia_iconbox_title' >Scarica la certificazione<\/span><\/a><\/div><\/div><div class=\"flex_column av_one_full  flex_column_div av-zero-column-padding first  avia-builder-el-33  el_after_av_one_full  el_before_av_button  column-top-margin\" style='border-radius:0px; '><section class=\"av_textblock_section \"  itemscope=\"itemscope\" itemtype=\"https:\/\/schema.org\/CreativeWork\" ><div class='avia_textblock  '   itemprop=\"text\" ><blockquote>\n<p><strong>Rating di legalit\u00e0<\/strong><\/p>\n<\/blockquote>\n<p class=\"p1\"><span class=\"s1\">Il rating di legalit\u00e0 \u00e8 un tipo di Rating Etico destinato alle imprese italiane, nato nel 2012. Ha lo scopo di <b>promuovere<\/b> in Italia <b>principi etici nei comportamenti aziendali<\/b> in attuazione alla legge di conversione del decreto legge 24 marzo 2012, n. 29, Autorit\u00e0 garante della concorrenza e del mercato, AGCM) in raccordo con i Ministeri della Giustizia e dell\u2019Interno. <\/span><span class=\"s1\">Data Iscrizione 11 Gennaio 2017<\/span><\/p>\n<\/div><\/section><\/div><div  class='avia-button-wrap avia-button-center  avia-builder-el-35  el_after_av_one_full  el_before_av_one_full ' ><a href='http:\/\/www.aternocostruzioni.it\/sito\/wp-content\/uploads\/2018\/09\/RATING-LEGALITA.pdf'  class='avia-button  avia-color-theme-color   avia-icon_select-yes-left-icon avia-size-small avia-position-center '  target=\"_blank\"  rel=\"noopener noreferrer\"  ><span class='avia_button_icon avia_button_icon_left ' aria-hidden='true' data-av_icon='\ue87f' data-av_iconfont='entypo-fontello'><\/span><span class='avia_iconbox_title' >Scarica la certificazione<\/span><\/a><\/div>\n<div class=\"flex_column av_one_full  flex_column_div av-zero-column-padding first  avia-builder-el-36  el_after_av_button  avia-builder-el-last  \" style='border-radius:0px; '><section class=\"av_textblock_section \"  itemscope=\"itemscope\" itemtype=\"https:\/\/schema.org\/CreativeWork\" ><div class='avia_textblock  '   itemprop=\"text\" ><blockquote>\n<p><strong>Iscrizione Anagrafe Antimafia Sisma Italia Centrale<\/strong><\/p>\n<\/blockquote>\n<p class=\"p1\"><span class=\"s1\">La societ\u00e0 Aterno Costruzioni risulta iscritta all\u2019Anagrafe Antimafia degli Esecutori sul sito del Commissario per la Ricostruzione dell\u2019Italia Centrale. <\/span><span class=\"s1\"><b>Data Iscrizione 14 Aprile 2017<\/b><\/span><\/p>\n<blockquote>\n<p><strong>Albo Nazionale Gestori Ambientali<\/strong><\/p>\n<\/blockquote>\n<p class=\"p1\"><span class=\"s1\">La Societ\u00e0 Aterno Costruzioni possiede l\u2019iscrizione nell\u2019Albo Gestore Ambientali, elemento fondamentale nella filiera per la gestione ed il trasporto dei rifiuti. <\/span><span class=\"s1\"><b>Data Iscrizione 1 Dicembre 2011<\/b><\/span><\/p>\n<\/div><\/section><\/div>\n","protected":false},"excerpt":{"rendered":"","protected":false},"author":1,"featured_media":0,"parent":0,"menu_order":0,"comment_status":"closed","ping_status":"closed","template":"","meta":[],"_links":{"self":[{"href":"http:\/\/www.aternocostruzioni.it\/sito\/wp-json\/wp\/v2\/pages\/1042"}],"collection":[{"href":"http:\/\/www.aternocostruzioni.it\/sito\/wp-json\/wp\/v2\/pages"}],"about":[{"href":"http:\/\/www.aternocostruzioni.it\/sito\/wp-json\/wp\/v2\/types\/page"}],"author":[{"embeddable":true,"href":"http:\/\/www.aternocostruzioni.it\/sito\/wp-json\/wp\/v2\/users\/1"}],"replies":[{"embeddable":true,"href":"http:\/\/www.aternocostruzioni.it\/sito\/wp-json\/wp\/v2\/comments?post=1042"}],"version-history":[{"count":28,"href":"http:\/\/www.aternocostruzioni.it\/sito\/wp-json\/wp\/v2\/pages\/1042\/revisions"}],"predecessor-version":[{"id":1882,"href":"http:\/\/www.aternocostruzioni.it\/sito\/wp-json\/wp\/v2\/pages\/1042\/revisions\/1882"}],"wp:attachment":[{"href":"http:\/\/www.aternocostruzioni.it\/sito\/wp-json\/wp\/v2\/media?parent=1042"}],"curies":[{"name":"wp","href":"https:\/\/api.w.org\/{rel}","templated":true}]}}